{"id":14,"date":"2025-01-20T08:30:02","date_gmt":"2025-01-20T08:30:02","guid":{"rendered":"https:\/\/maesterapia.pl\/?page_id=14"},"modified":"2025-11-03T05:13:55","modified_gmt":"2025-11-03T05:13:55","slug":"home","status":"publish","type":"page","link":"https:\/\/maesterapia.pl\/","title":{"rendered":"HOME"},"content":{"rendered":"<div id=\"pl-14\"  class=\"panel-layout\" ><div id=\"pg-14-0\"  class=\"panel-grid panel-no-style\" ><div id=\"pgc-14-0-0\"  class=\"panel-grid-cell\" ><div id=\"panel-14-0-0-0\" class=\"so-panel widget widget_sow-hero panel-first-child\" data-index=\"0\" ><div\n\t\t\t\n\t\t\tclass=\"so-widget-sow-hero so-widget-sow-hero-default-2ddbcaac4bad-14 so-widget-fittext-wrapper\"\n\t\t\t data-fit-text-compressor=\"0.85\"\n\t\t>\t\t\t\t<div class=\"sow-slider-base\" style=\"display: none\" tabindex=\"0\">\n\t\t\t\t\t<ul\n\t\t\t\t\tclass=\"sow-slider-images\"\n\t\t\t\t\tdata-settings=\"{&quot;pagination&quot;:true,&quot;speed&quot;:400,&quot;timeout&quot;:8000,&quot;paused&quot;:false,&quot;pause_on_hover&quot;:false,&quot;swipe&quot;:true,&quot;nav_always_show_desktop&quot;:&quot;&quot;,&quot;nav_always_show_mobile&quot;:&quot;&quot;,&quot;breakpoint&quot;:&quot;780px&quot;,&quot;unmute&quot;:false,&quot;anchor&quot;:null}\"\n\t\t\t\t\tstyle=\"min-height: 800px\"\t\t\t\t\tdata-anchor-id=\"\"\n\t\t\t\t>\t\t<li class=\"sow-slider-image  sow-slider-image-cover\" style=\"visibility: visible;;background-color: #333333;background-image: url(https:\/\/maesterapia.pl\/wp-content\/uploads\/2025\/11\/Teal-and-White-Psychology-Therapy-Services-Instagram-Post-6.png)\" >\n\t\t\t\t\t<div class=\"sow-slider-image-container\">\n\t\t\t<div class=\"sow-slider-image-wrapper\">\n\t\t\t\t\t\t\t<\/div>\n\t\t<\/div>\n\t\t\t\t<\/li>\n\t\t<\/ul>\t\t\t\t<ol class=\"sow-slider-pagination\">\n\t\t\t\t\t\t\t\t\t\t\t<li><a href=\"#\" data-goto=\"0\" aria-label=\"Display slide 1\"><\/a><\/li>\n\t\t\t\t\t\t\t\t\t<\/ol>\n\n\t\t\t\t<div class=\"sow-slide-nav sow-slide-nav-next\">\n\t\t\t\t\t<a href=\"#\" data-goto=\"next\" aria-label=\"Next slide\" data-action=\"next\">\n\t\t\t\t\t\t<em class=\"sow-sld-icon-thin-right\"><\/em>\n\t\t\t\t\t<\/a>\n\t\t\t\t<\/div>\n\n\t\t\t\t<div class=\"sow-slide-nav sow-slide-nav-prev\">\n\t\t\t\t\t<a href=\"#\" data-goto=\"previous\" aria-label=\"Previous slide\" data-action=\"prev\">\n\t\t\t\t\t\t<em class=\"sow-sld-icon-thin-left\"><\/em>\n\t\t\t\t\t<\/a>\n\t\t\t\t<\/div>\n\t\t\t\t<\/div><\/div><\/div><div id=\"panel-14-0-0-1\" class=\"so-panel widget widget_sow-headline\" data-index=\"1\" ><div\n\t\t\t\n\t\t\tclass=\"so-widget-sow-headline so-widget-sow-headline-default-0ef5d19837ba-14\"\n\t\t\t\n\t\t><div class=\"sow-headline-container \">\n\t\t\t\t\t\t<div class=\"decoration\">\n\t\t\t\t\t\t<div class=\"decoration-inside\"><\/div>\n\t\t\t\t\t<\/div>\n\t\t\t\t\t\t\t\t\t\t\t<h4 class=\"sow-sub-headline\">\n\t\t\t\t\t\tCHCESZ WZI\u0104\u0106 UDZIA\u0141 W WEBINARZE, SKORZYSTAJ Z FORMULARZA PONI\u017bEJ:\t\t\t\t\t\t<\/h4>\n\t\t\t\t\t\t<\/div>\n<\/div><\/div><div id=\"panel-14-0-0-2\" class=\"so-panel widget widget_sow-editor\" data-index=\"2\" ><div\n\t\t\t\n\t\t\tclass=\"so-widget-sow-editor so-widget-sow-editor-base\"\n\t\t\t\n\t\t>\n<div class=\"siteorigin-widget-tinymce textwidget\">\n\t<p style=\"text-align: center;\">\n<div class=\"wpcf7 no-js\" id=\"wpcf7-f7-o1\" lang=\"en-GB\" dir=\"ltr\" data-wpcf7-id=\"7\">\n<div class=\"screen-reader-response\"><p role=\"status\" aria-live=\"polite\" aria-atomic=\"true\"><\/p> <ul><\/ul><\/div>\n<form action=\"\/index.php\/wp-json\/wp\/v2\/pages\/14#wpcf7-f7-o1\" method=\"post\" class=\"wpcf7-form init\" aria-label=\"Contact form\" novalidate=\"novalidate\" data-status=\"init\">\n<fieldset class=\"hidden-fields-container\"><input type=\"hidden\" name=\"_wpcf7\" value=\"7\" \/><input type=\"hidden\" name=\"_wpcf7_version\" value=\"6.1.2\" \/><input type=\"hidden\" name=\"_wpcf7_locale\" value=\"en_GB\" \/><input type=\"hidden\" name=\"_wpcf7_unit_tag\" value=\"wpcf7-f7-o1\" \/><input type=\"hidden\" name=\"_wpcf7_container_post\" value=\"0\" \/><input type=\"hidden\" name=\"_wpcf7_posted_data_hash\" value=\"\" \/>\n<\/fieldset>\n<p><label> Imi\u0119 i nazwisko<br \/>\n\u00a0 \u00a0 <span class=\"wpcf7-form-control-wrap\" data-name=\"your-name\"><input size=\"40\" maxlength=\"400\" class=\"wpcf7-form-control wpcf7-text wpcf7-validates-as-required\" aria-required=\"true\" aria-invalid=\"false\" value=\"\" type=\"text\" name=\"your-name\" \/><\/span> <\/label>\n<\/p>\n<p>Kim jeste\u015b?<br \/>\n<span class=\"wpcf7-form-control-wrap\" data-name=\"checkbox-835\"><span class=\"wpcf7-form-control wpcf7-checkbox wpcf7-validates-as-required\"><span class=\"wpcf7-list-item first\"><input type=\"checkbox\" name=\"checkbox-835[]\" value=\"fizjoterapeut\u0105\" \/><span class=\"wpcf7-list-item-label\">fizjoterapeut\u0105<\/span><\/span><span class=\"wpcf7-list-item\"><input type=\"checkbox\" name=\"checkbox-835[]\" value=\"rodzicem, opiekunem\" \/><span class=\"wpcf7-list-item-label\">rodzicem, opiekunem<\/span><\/span><span class=\"wpcf7-list-item last\"><input type=\"checkbox\" name=\"checkbox-835[]\" value=\"terapeut\u0105\" \/><span class=\"wpcf7-list-item-label\">terapeut\u0105<\/span><\/span><\/span><\/span>\n<\/p>\n<p><label> E-mail<br \/>\n\u00a0 \u00a0 <span class=\"wpcf7-form-control-wrap\" data-name=\"your-email\"><input size=\"40\" maxlength=\"400\" class=\"wpcf7-form-control wpcf7-email wpcf7-validates-as-required wpcf7-text wpcf7-validates-as-email\" aria-required=\"true\" aria-invalid=\"false\" value=\"\" type=\"email\" name=\"your-email\" \/><\/span> <\/label>\n<\/p>\n<p><label> telefon<br \/>\n\u00a0 \u00a0 <span class=\"wpcf7-form-control-wrap\" data-name=\"telefon\"><input size=\"40\" maxlength=\"400\" class=\"wpcf7-form-control wpcf7-text wpcf7-validates-as-required\" aria-required=\"true\" aria-invalid=\"false\" value=\"\" type=\"text\" name=\"telefon\" \/><\/span> <\/label>\n<\/p>\n<p><input class=\"wpcf7-form-control wpcf7-submit has-spinner\" type=\"submit\" value=\"Wy\u015blij\" \/>\n<\/p><div class=\"wpcf7-response-output\" aria-hidden=\"true\"><\/div>\n<\/form>\n<\/div>\n<\/p>\n<p>Zapisuj\u0105c si\u0119, wyra\u017casz zgod\u0119 na przetwarzanie Twoich danych w celach komunikacyjnych i marketingowych przez MAES Therapy\u00ae<\/p>\n<\/div>\n<\/div><\/div><div id=\"panel-14-0-0-3\" class=\"so-panel widget widget_sow-editor\" data-index=\"3\" ><div\n\t\t\t\n\t\t\tclass=\"so-widget-sow-editor so-widget-sow-editor-base\"\n\t\t\t\n\t\t>\n<div class=\"siteorigin-widget-tinymce textwidget\">\n\t<h5 style=\"text-align: justify;\">Terapia MAES jest holistycznym podej\u015bciem do terapii\u00a0dzieci z m\u00f3zgowym pora\u017ceniem dzieci\u0119cym lub podobnymi zaburzeniami neurorozwojowymi (zespo\u0142ami genetycznymi oraz z zaburzeniami zwi\u0105zanymi ze skrajnym wcze\u015bniactwem).<\/h5>\n<p style=\"text-align: justify;\"><span class=\"gmail-OYPEnA gmail-font-feature-liga-off gmail-font-feature-clig-off gmail-font-feature-calt-off gmail-text-decoration-none gmail-text-strikethrough-none\"><span style=\"color: #000000;\">T<\/span><\/span><span style=\"color: #000000;\"><span class=\"gmail-OYPEnA gmail-font-feature-liga-off gmail-font-feature-clig-off gmail-font-feature-calt-off gmail-text-decoration-none gmail-text-strikethrough-none\">erapia MAES koncentruje si\u0119 na wszystkich aspektach rozwoju dziecka<\/span><span class=\"gmail-OYPEnA gmail-font-feature-liga-off gmail-font-feature-clig-off gmail-font-feature-calt-off gmail-text-decoration-none gmail-text-strikethrough-none\">: motorycznym, behawioralnym, kognitywnym, emocjonalnym i spo\u0142ecznym, poniewa\u017c \u017caden z tych obszar\u00f3w nie funkcjonuje, ani nie rozwija si\u0119 w izolacji.<br \/>\nCentralnym elementem ca\u0142ego podej\u015bcia MAES s\u0105\u00a0<\/span><\/span>przyczyny istniej\u0105cych zaburze\u0144 b\u0105d\u017a nieharmonijnego rozwoju (uszkodzenia okre\u015blonych obszar\u00f3w w m\u00f3zgu), a nie jedynie skutki manifestuj\u0105ce si\u0119 np. spastyczno\u015bci\u0105, zmiennym napi\u0119ciem mi\u0119\u015bniowym czy problemami z r\u00f3wnowag\u0105.<\/p>\n<\/div>\n<\/div><\/div><div id=\"panel-14-0-0-4\" class=\"so-panel widget widget_sow-headline\" data-index=\"4\" ><div\n\t\t\t\n\t\t\tclass=\"so-widget-sow-headline so-widget-sow-headline-default-0ef5d19837ba-14\"\n\t\t\t\n\t\t><div class=\"sow-headline-container \">\n\t\t\t\t\t\t<div class=\"decoration\">\n\t\t\t\t\t\t<div class=\"decoration-inside\"><\/div>\n\t\t\t\t\t<\/div>\n\t\t\t\t\t\t\t\t\t\t\t<h4 class=\"sow-sub-headline\">\n\t\t\t\t\t\tDLA KOGO WEBINAR?\t\t\t\t\t\t<\/h4>\n\t\t\t\t\t\t<\/div>\n<\/div><\/div><div id=\"panel-14-0-0-5\" class=\"so-panel widget widget_sow-editor\" data-index=\"5\" ><div\n\t\t\t\n\t\t\tclass=\"so-widget-sow-editor so-widget-sow-editor-base\"\n\t\t\t\n\t\t>\n<div class=\"siteorigin-widget-tinymce textwidget\">\n\t<ul>\n<li>dla fizjoterapeut\u00f3w i terapeut\u00f3w pracuj\u0105cych z dzie\u0107mi z wyzwaniami neurorozwojowymi (z MPD, zespo\u0142ami genetycznymi, skrajnych wcze\u015bniak\u00f3w)<\/li>\n<\/ul>\n<\/div>\n<\/div><\/div><div id=\"panel-14-0-0-6\" class=\"so-panel widget widget_sow-headline\" data-index=\"6\" ><div\n\t\t\t\n\t\t\tclass=\"so-widget-sow-headline so-widget-sow-headline-default-7434aeacee51-14\"\n\t\t\t\n\t\t><div class=\"sow-headline-container \">\n\t\t\t\t\t\t\t<h3 class=\"sow-headline\">\n\t\t\t\t\t\tWEBINAR DLA FIZJOTERAPEUT\u00d3W I TERAPEUT\u00d3W\t\t\t\t\t\t<\/h3>\n\t\t\t\t\t\t\t\t\t\t\t<div class=\"decoration\">\n\t\t\t\t\t\t<div class=\"decoration-inside\"><\/div>\n\t\t\t\t\t<\/div>\n\t\t\t\t\t\t\t\t\t\t\t<h4 class=\"sow-sub-headline\">\n\t\t\t\t\t\t20 listopada (czwartek) godzina 20:00\t\t\t\t\t\t<\/h4>\n\t\t\t\t\t\t<\/div>\n<\/div><\/div><div id=\"panel-14-0-0-7\" class=\"so-panel widget widget_sow-editor\" data-index=\"7\" ><div\n\t\t\t\n\t\t\tclass=\"so-widget-sow-editor so-widget-sow-editor-base\"\n\t\t\t\n\t\t>\n<div class=\"siteorigin-widget-tinymce textwidget\">\n\t<h5 style=\"text-align: justify;\">Webinar odb\u0119dzie si\u0119 na platformie ZOOM. Obowi\u0105zuj\u0105 zapisy. Ilo\u015b\u0107 miejsc ograniczona. Decyduje kolejno\u015b\u0107 zg\u0142osze\u0144.<br \/>\nLink do spotkania, zostanie przes\u0142any mailem w dniu webinaru.<\/h5>\n<\/div>\n<\/div><\/div><div id=\"panel-14-0-0-8\" class=\"so-panel widget widget_sow-headline\" data-index=\"8\" ><div\n\t\t\t\n\t\t\tclass=\"so-widget-sow-headline so-widget-sow-headline-default-22d65983a9aa-14\"\n\t\t\t\n\t\t><div class=\"sow-headline-container \">\n\t\t\t\t\t\t\t<h3 class=\"sow-headline\">\n\t\t\t\t\t\tPROWADZ\u0104CA:\t\t\t\t\t\t<\/h3>\n\t\t\t\t\t\t\t\t\t\t\t<div class=\"decoration\">\n\t\t\t\t\t\t<div class=\"decoration-inside\"><\/div>\n\t\t\t\t\t<\/div>\n\t\t\t\t\t\t\t\t\t\t\t<h4 class=\"sow-sub-headline\">\n\t\t\t\t\t\tJoanna Brud\u0142o-Semeniuk\t\t\t\t\t\t<\/h4>\n\t\t\t\t\t\t<\/div>\n<\/div><\/div><div id=\"panel-14-0-0-9\" class=\"so-panel widget widget_sow-editor\" data-index=\"9\" ><div\n\t\t\t\n\t\t\tclass=\"so-widget-sow-editor so-widget-sow-editor-base\"\n\t\t\t\n\t\t>\n<div class=\"siteorigin-widget-tinymce textwidget\">\n\t<h5 style=\"text-align: justify;\">Fizjoterapeutka, na co dzie\u0144 pracuj\u0105ca z samym Jean-Pierre Maes'em\u00a0w Jego klinice w Londynie. T\u0142umaczka i asystentka podczas kurs\u00f3w MAES organizowanych w Polsce. Prowadz\u0105ca Tutorialsy - cykliczne spotkania mentoringowo-rozwijaj\u0105ce on-line dla polskich terapeut\u00f3w MAES.<\/h5>\n<\/div>\n<\/div><\/div><div id=\"panel-14-0-0-10\" class=\"so-panel widget widget_sow-editor panel-last-child\" data-index=\"10\" ><div\n\t\t\t\n\t\t\tclass=\"so-widget-sow-editor so-widget-sow-editor-base\"\n\t\t\t\n\t\t><h3 class=\"widget-title\">CHCESZ WZI\u0104\u0106 UDZIA\u0141 W WEBINARZE, SKORZYSTAJ Z FORMULARZA PONI\u017bEJ:<\/h3>\n<div class=\"siteorigin-widget-tinymce textwidget\">\n\t<p>Zapisuj\u0105c si\u0119, wyra\u017casz zgod\u0119 na przetwarzanie Twoich danych w celach komunikacyjnych i marketingowych przez MAES Therapy\u00ae<br \/>\n\n<div class=\"wpcf7 no-js\" id=\"wpcf7-f7-o2\" lang=\"en-GB\" dir=\"ltr\" data-wpcf7-id=\"7\">\n<div class=\"screen-reader-response\"><p role=\"status\" aria-live=\"polite\" aria-atomic=\"true\"><\/p> <ul><\/ul><\/div>\n<form action=\"\/index.php\/wp-json\/wp\/v2\/pages\/14#wpcf7-f7-o2\" method=\"post\" class=\"wpcf7-form init\" aria-label=\"Contact form\" novalidate=\"novalidate\" data-status=\"init\">\n<fieldset class=\"hidden-fields-container\"><input type=\"hidden\" name=\"_wpcf7\" value=\"7\" \/><input type=\"hidden\" name=\"_wpcf7_version\" value=\"6.1.2\" \/><input type=\"hidden\" name=\"_wpcf7_locale\" value=\"en_GB\" \/><input type=\"hidden\" name=\"_wpcf7_unit_tag\" value=\"wpcf7-f7-o2\" \/><input type=\"hidden\" name=\"_wpcf7_container_post\" value=\"0\" \/><input type=\"hidden\" name=\"_wpcf7_posted_data_hash\" value=\"\" \/>\n<\/fieldset>\n<p><label> Imi\u0119 i nazwisko<br \/>\n\u00a0 \u00a0 <span class=\"wpcf7-form-control-wrap\" data-name=\"your-name\"><input size=\"40\" maxlength=\"400\" class=\"wpcf7-form-control wpcf7-text wpcf7-validates-as-required\" aria-required=\"true\" aria-invalid=\"false\" value=\"\" type=\"text\" name=\"your-name\" \/><\/span> <\/label>\n<\/p>\n<p>Kim jeste\u015b?<br \/>\n<span class=\"wpcf7-form-control-wrap\" data-name=\"checkbox-835\"><span class=\"wpcf7-form-control wpcf7-checkbox wpcf7-validates-as-required\"><span class=\"wpcf7-list-item first\"><input type=\"checkbox\" name=\"checkbox-835[]\" value=\"fizjoterapeut\u0105\" \/><span class=\"wpcf7-list-item-label\">fizjoterapeut\u0105<\/span><\/span><span class=\"wpcf7-list-item\"><input type=\"checkbox\" name=\"checkbox-835[]\" value=\"rodzicem, opiekunem\" \/><span class=\"wpcf7-list-item-label\">rodzicem, opiekunem<\/span><\/span><span class=\"wpcf7-list-item last\"><input type=\"checkbox\" name=\"checkbox-835[]\" value=\"terapeut\u0105\" \/><span class=\"wpcf7-list-item-label\">terapeut\u0105<\/span><\/span><\/span><\/span>\n<\/p>\n<p><label> E-mail<br \/>\n\u00a0 \u00a0 <span class=\"wpcf7-form-control-wrap\" data-name=\"your-email\"><input size=\"40\" maxlength=\"400\" class=\"wpcf7-form-control wpcf7-email wpcf7-validates-as-required wpcf7-text wpcf7-validates-as-email\" aria-required=\"true\" aria-invalid=\"false\" value=\"\" type=\"email\" name=\"your-email\" \/><\/span> <\/label>\n<\/p>\n<p><label> telefon<br \/>\n\u00a0 \u00a0 <span class=\"wpcf7-form-control-wrap\" data-name=\"telefon\"><input size=\"40\" maxlength=\"400\" class=\"wpcf7-form-control wpcf7-text wpcf7-validates-as-required\" aria-required=\"true\" aria-invalid=\"false\" value=\"\" type=\"text\" name=\"telefon\" \/><\/span> <\/label>\n<\/p>\n<p><input class=\"wpcf7-form-control wpcf7-submit has-spinner\" type=\"submit\" value=\"Wy\u015blij\" \/>\n<\/p><div class=\"wpcf7-response-output\" aria-hidden=\"true\"><\/div>\n<\/form>\n<\/div>\n<\/p>\n<\/div>\n<\/div><\/div><\/div><\/div><div id=\"pg-14-1\"  class=\"panel-grid panel-no-style\" ><div id=\"pgc-14-1-0\"  class=\"panel-grid-cell panel-grid-cell-empty\" ><\/div><\/div><\/div>","protected":false},"excerpt":{"rendered":"<p>Zapisuj\u0105c si\u0119, wyra\u017casz zgod\u0119 na przetwarzanie Twoich danych w celach komunikacyjnych i marketingowych przez MAES Therapy\u00ae Terapia MAES jest holistycznym podej\u015bciem do terapii\u00a0dzieci z m\u00f3zgowym pora\u017ceniem dzieci\u0119cym lub podobnymi zaburzeniami neurorozwojowymi (zespo\u0142ami genetycznymi oraz z zaburzeniami zwi\u0105zanymi ze skrajnym wcze\u015bniactwem). &hellip; <a href=\"https:\/\/maesterapia.pl\/\">Continued<\/a><\/p>\n","protected":false},"author":1,"featured_media":0,"parent":0,"menu_order":0,"comment_status":"closed","ping_status":"closed","template":"","meta":{"footnotes":""},"class_list":["post-14","page","type-page","status-publish","hentry"],"_links":{"self":[{"href":"https:\/\/maesterapia.pl\/index.php\/wp-json\/wp\/v2\/pages\/14","targetHints":{"allow":["GET"]}}],"collection":[{"href":"https:\/\/maesterapia.pl\/index.php\/wp-json\/wp\/v2\/pages"}],"about":[{"href":"https:\/\/maesterapia.pl\/index.php\/wp-json\/wp\/v2\/types\/page"}],"author":[{"embeddable":true,"href":"https:\/\/maesterapia.pl\/index.php\/wp-json\/wp\/v2\/users\/1"}],"replies":[{"embeddable":true,"href":"https:\/\/maesterapia.pl\/index.php\/wp-json\/wp\/v2\/comments?post=14"}],"version-history":[{"count":21,"href":"https:\/\/maesterapia.pl\/index.php\/wp-json\/wp\/v2\/pages\/14\/revisions"}],"predecessor-version":[{"id":46,"href":"https:\/\/maesterapia.pl\/index.php\/wp-json\/wp\/v2\/pages\/14\/revisions\/46"}],"wp:attachment":[{"href":"https:\/\/maesterapia.pl\/index.php\/wp-json\/wp\/v2\/media?parent=14"}],"curies":[{"name":"wp","href":"https:\/\/api.w.org\/{rel}","templated":true}]}}